{"id":76,"date":"2021-09-15T14:41:29","date_gmt":"2021-09-15T12:41:29","guid":{"rendered":"http:\/\/veterinairebourgdegleize.fr\/?page_id=76"},"modified":"2025-09-10T09:43:00","modified_gmt":"2025-09-10T07:43:00","slug":"faq","status":"publish","type":"page","link":"https:\/\/veterinairebourgdegleize.fr\/?page_id=76","title":{"rendered":"FAQ"},"content":{"rendered":"\n<p><strong>Vous trouvez un animal errant, que faire ? <\/strong><\/p>\n\n\n\n<figure class=\"wp-block-image size-full is-resized\"><img loading=\"lazy\" src=\"http:\/\/veterinairebourgdegleize.fr\/wp-content\/uploads\/2021\/09\/Je_trouve_un_animal_errant_que_faire.jpg\" alt=\"\" class=\"wp-image-77\" width=\"510\" height=\"646\" srcset=\"https:\/\/veterinairebourgdegleize.fr\/wp-content\/uploads\/2021\/09\/Je_trouve_un_animal_errant_que_faire.jpg 680w, https:\/\/veterinairebourgdegleize.fr\/wp-content\/uploads\/2021\/09\/Je_trouve_un_animal_errant_que_faire-237x300.jpg 237w\" sizes=\"(max-width: 510px) 100vw, 510px\" \/><figcaption>Si l&#8217;animal est bless\u00e9 : je contacte la mairie <\/figcaption><\/figure>\n\n\n\n<p><strong>Combien de fois par an faut-il vermifuger mon animal ?<\/strong><br><strong><br><\/strong>Pour un chaton\/chiot  il est recommand\u00e9 de les vermifuger tous les mois jusqu&#8217;\u00e0 6 mois. A l&#8217;\u00e2ge adulte, on adapte la fr\u00e9quence au mode de vie, au risque de contamination et de transmission aux personnes fragiles ou en bag \u00e2ge. <\/p>\n\n\n\n<p>Attention : les puces peuvent transmettre des vers intestinaux (dipylidium caninum).<\/p>\n\n\n\n<p><strong>Combien de temps le vermifuge est-il efficace ?<\/strong><\/p>\n\n\n\n<p>Le vermifuge n&#8217;a pas de r\u00e9manence, il a un effet chasse d&#8217;eau. Apr\u00e8s vermifugation, votre animal peut se r\u00e9infester rapidement.<\/p>\n\n\n\n<p><strong>L&#8217;identification de mon animal est-elle obligatoire ? <\/strong>Oui <\/p>\n\n\n\n<figure class=\"wp-block-image size-full is-resized\"><img loading=\"lazy\" src=\"http:\/\/veterinairebourgdegleize.fr\/wp-content\/uploads\/2021\/09\/Sans-titre.png\" alt=\"\" class=\"wp-image-80\" width=\"324\" height=\"458\"\/><\/figure>\n\n\n\n<p><strong>Comment savoir si mon chien a mal aux dents ?<\/strong> <\/p>\n\n\n\n<p>Les maladies dentaires sont parmi les plus fr\u00e9quentes chez le chien. 85% des chiens sont l\u00e9g\u00e8rement atteints \u00e0 l&#8217;\u00e2ge de 3 ans ; 75 % \u00e0 l&#8217;\u00e2ge de 5 ans des chiens sont mod\u00e9r\u00e9ment \u00e0 s\u00e9v\u00e8rement atteints.<br>Pour lutter contre ces probl\u00e8mes, il faut maintenir une bonne hygi\u00e8ne dentaire.<br>Pour cela, il existe diff\u00e9rentes strat\u00e9gies et produit. Le brossage quotidien des dents reste la m\u00e9thode la plus efficace.<br>Voici une vid\u00e9o qui explique comment brosser les dents de votre chien :<br><a href=\"https:\/\/www.youtube.com\/watch?v=myXuJJF9dFI\">https:\/\/www.youtube.com\/watch?v=myXuJJF9dFI<\/a><br>Comment brosser les dents de votre chat :<br><a href=\"https:\/\/www.youtube.com\/watch?v=1KRkEA7T-8o\">https:\/\/www.youtube.com\/watch?v=1KRkEA7T-8o<\/a><\/p>\n\n\n\n<p><\/p>\n\n\n\n<p><strong>A partir de quel \u00e2ge est-il conseill\u00e9 de st\u00e9riliser votre animal ? <\/strong><\/p>\n\n\n\n<p>La st\u00e9rilisation est possible \u00e0 partir de 6 mois pour les chats. Pour les chiens, l&#8217;\u00e2ge de la pubert\u00e9 varie selon les races.  Discutez-en avec votre v\u00e9t\u00e9rinaire.<\/p>\n\n\n\n<p><strong>Quels sont les signes qui doivent vous alerter pour consulter ? <\/strong><\/p>\n\n\n\n<ul><li>Diarrh\u00e9e et\/ou vomissements avec atteinte de l&#8217;\u00e9tat g\u00e9n\u00e9ral ;<\/li><li>D\u00e9mangeaison importante avec plaie et\/ou odeur naus\u00e9abonde ;<\/li><li>Douleur d&#8217;un membre avec la suppression d&#8217;appui ou un paralysie de celui-ci ou une impossibilit\u00e9 de se lever ;<\/li><li>Probl\u00e8me urinaire : douleur lors de la miction  +\/- pr\u00e9sence de sang dans les urines ;<\/li><li>Anorexie (manque d&#8217;app\u00e9tit) sans autre signe au del\u00e0 de 48h ;<\/li><li>Abattement +\/- temp\u00e9rature &gt; 40\u00b0C ;<\/li><li>Plaie avec saignement actif ; <\/li><li>Probl\u00e8me \u0153il (ferm\u00e9\/rouge\/douloureux) ;<\/li><li>Probl\u00e8me oreille (douleur vive avec oreille basse + grattage) ;<\/li><li>Perte vaginale (purulentes, sanguinolentes : hors p\u00e9riodes chaleurs et mise bas r\u00e9cente );<\/li><li>Toux\/Eternuements (avec modification de l&#8217;\u00e9tat g\u00e9n\u00e9ral );<\/li><li>Amaigrissement ;<\/li><li>Changement de comportement (ex : miaulement diff\u00e9rent, fatigue prolong\u00e9e \u2026).<\/li><\/ul>\n\n\n\n<p><strong>Comment donner un comprim\u00e9 \u00e0 mon chat ?<\/strong><\/p>\n\n\n\n<ul><li>Directement dans l&#8217;aliment : certains comprim\u00e9s ont un go\u00fbt app\u00e9tant pour les animaux.<\/li><li>Gr\u00e2ce \u00e0 un lance pilule<\/li><li>Ins\u00e9rer au fond de la gueule + lui maintenir ferm\u00e9e pendant quelques secondes<\/li><li>Technique du &#8220;wrap serviette&#8221; \u25ba Enrouler son corps dans une grande serviette (pour \u00e9viter tout risque de griffure), la t\u00eate doit-\u00eatre d\u00e9gag\u00e9e pour avoir acc\u00e8s \u00e0 sa bouche.<\/li><\/ul>\n\n\n\n<p><strong>Pourquoi faire st\u00e9riliser ma chienne ?<\/strong><\/p>\n\n\n\n<p>Il y a plusieurs raisons, la premi\u00e8re est d&#8217;\u00e9viter des grossesses non d\u00e9sir\u00e9es, la seconde est pour prot\u00e9ger sa sant\u00e9. La st\u00e9rilisation r\u00e9duit le risque de d\u00e9velopper : <br>&#8211; tumeurs mammaires<br>&#8211; pyom\u00e8tre ou m\u00e9trite (infection de l&#8217;ut\u00e9rus) <br>&#8211; kystes et tumeurs de l&#8217;appareil g\u00e9nital<\/p>\n\n\n\n<p>Il existe n\u00e9anmoins des risques et des contre-indications \u00e0 la st\u00e9rilisation. Faites le point avec votre v\u00e9t\u00e9rinaire<\/p>\n\n\n\n<p><strong>Si mon animal mange des chenilles processionnaires, que faire ?<\/strong> <\/p>\n\n\n\n<p>Les chenilles processionnaires sont pr\u00e9sentes dans les pins et les ch\u00eanes. Elles descendent de leurs nids et r\u00e9alisent leur procession au d\u00e9but du printemps (de janvier \u00e0 juin selon les conditions climatiques). Elles poss\u00e8dent de nombreux poils urticants responsables d&#8217;une envenimation.<\/p>\n\n\n\n<p>En cas d&#8217;envenimation, contactez votre v\u00e9t\u00e9rinaire le plus rapidement possible et emp\u00eachez le de se frotter.<\/p>\n\n\n\n<p><strong>Comment rafraichir mon chien pendant les forte chaleurs ?<\/strong> <\/p>\n\n\n\n<p>Contrairement \u00e0 nous, les chiens transpirent peu. Ils sont donc plus sensibles aux chaleurs que nous. Ils r\u00e9gulent leurs temp\u00e9ratures corporelles principalement gr\u00e2ce \u00e0 l&#8217;hal\u00e8tement et \u00e0 la transpiration entre les coussinets. Il est recommand\u00e9 d&#8217;adapter l&#8217;activit\u00e9 physique et les horaires de sorties en cas de forte chaleur. Pensez \u00e0 lui laisser de l&#8217;eau \u00e0 volont\u00e9. Si votre chien a chaud, vous pouvez le doucher au niveau des coussinets ou enti\u00e8rement et lui mettre une serviette mouill\u00e9e sur le dos. En cas de coup de chaud ou de difficult\u00e9 respiratoire, contactez votre v\u00e9t\u00e9rinaire rapidement.<\/p>\n\n\n\n<p><strong>Pourquoi dois-je vacciner mon animal ?<\/strong><\/p>\n\n\n\n<p>La vaccination n&#8217;est pas un acte obligatoire mais fortement conseill\u00e9e !<\/p>\n\n\n\n<p>Chez le chat, les vaccins courants sont contre le Typhus, le Coryza et la Leucose. Le Typhus est une maladie virale tr\u00e8s grave \u00e0 mortelle. Il entraine une hyperthermie, des signes digestifs (diarrh\u00e9e h\u00e9morragique, vomissements) et d\u00e9truit les cellules sanguines. Le Coryza se caract\u00e9rise par des atteintes des voies respiratoires sup\u00e9rieures, de la cavit\u00e9 buccale et de l&#8217;oeil. Une fois contract\u00e9e, votre chat reste porteur chronique et peut faire de nombreuses r\u00e9cidives. Enfin, la leucose est un virus entrainant une immunod\u00e9ficience, il se transmet par contact rapproch\u00e9 entre chats (griffure, morsure ou rapport sexuel).<\/p>\n\n\n\n<p>La vaccination des chats d&#8217;int\u00e9rieur est recommand\u00e9e pour le Typhus et le Coryza. Pour les chats avec acc\u00e8s \u00e0 l&#8217;ext\u00e9rieur, il est recommand\u00e9 de faire le vaccin complet Typhus, Coryza et Leucose. <\/p>\n\n\n\n<p><strong>Comment \u00e9liminer les puces sur mon chat ainsi que dans mon habitation ?<\/strong> <\/p>\n\n\n\n<p>Le cycle de vie des puces comportes 4 stades : <br>&#8211; l&#8217;\u0153uf <br>&#8211; la larve <br>&#8211; la nymphe <br>&#8211; le stade adulte <\/p>\n\n\n\n<p>Les puces femelles pondent sur leurs h\u00f4tes puis les \u0153ufs tombent ensuite dans l&#8217;environnement. ils se d\u00e9veloppent et forment des cocons r\u00e9sistants au conditions environnementales. <br>Les puces adultes en \u00e9mergent pour prendre leur repas de sang sur leur h\u00f4te et renouveler le cycle. <\/p>\n\n\n\n<p>Les sympt\u00f4mes d&#8217;une infestations de puces sont : <br>&#8211; un l\u00e9chages excessif<br>&#8211; des mordillements <br>&#8211; un grattage intense <br>&#8211; perte de poils localis\u00e9e<br>&#8211; des petits grains noirs dans le pelage = d\u00e9jections de puces.<\/p>\n\n\n\n<p>Pour \u00e9liminer ces parasites : <br>&#8211; consulter votre v\u00e9t\u00e9rinaire pour vous procurer un traitement adapt\u00e9, <br>&#8211; administrer \u00e0 votre animal un antiparasitaire en pr\u00e9vention r\u00e9guli\u00e8rement.<\/p>\n\n\n\n<p>Pour votre environnement : <br>&#8211; laver \u00e0 haute temp\u00e9rature (min 60 degr\u00e9s) la literie, les lieux de couchage des animaux, les tissus d&#8217;ameublements, les moquettes, tapis, etc&#8230;<br>&#8211; vous pouvez utiliser un spray insecticide pour les endroits impossibles \u00e0 laver tel que le parquet, les lieux de passage, les recoins de meubles, etc&#8230;<br>&#8211; il existe \u00e9galement des foggers qui diffusent un produit \u00e9liminant \u0153ufs et larves dans votre habitation et prot\u00e8ge d&#8217;une r\u00e9 infestation entre 3 \u00e0 6 mois (\u00e0 condition que votre animal soit prot\u00e9ger contre les parasites) <\/p>\n\n\n\n<p><strong>Comment rafraichir mon animal en p\u00e9riode de forte chaleur ? <\/strong><\/p>\n\n\n\n<p>Nos compagnons souffrent autant que nous de la chaleur ! <img loading=\"lazy\" height=\"16\" width=\"16\" alt=\"\ud83c\udf1e\" src=\"https:\/\/static.xx.fbcdn.net\/images\/emoji.php\/v9\/t5f\/1\/16\/1f31e.png\"><\/p>\n\n\n\n<p>Les chats et les chiens ne transpirent qu\u2019entre leurs doigts et leurs coussinets. Ils ont donc plus de difficult\u00e9s \u00e0 r\u00e9guler leur temp\u00e9rature corporelle que nous. <img loading=\"lazy\" height=\"16\" width=\"16\" alt=\"\ud83d\udc36\" src=\"https:\/\/static.xx.fbcdn.net\/images\/emoji.php\/v9\/t2f\/1\/16\/1f436.png\"><img loading=\"lazy\" height=\"16\" width=\"16\" alt=\"\ud83d\udc31\" src=\"https:\/\/static.xx.fbcdn.net\/images\/emoji.php\/v9\/taa\/1\/16\/1f431.png\"><\/p>\n\n\n\n<p>Pour leur apporter un bon confort durant les fortes chaleurs, plusieurs m\u00e9thodes existent : &#8211; Tapis rafra\u00eechissant (gel) : il permet d\u2019absorber la chaleur corporelle de l\u2019animal, l\u2019effet s\u2019active uniquement au contact de l\u2019animal. On peut comparer l\u2019effet \u00e0 celui du carrelage frais au printemps.<\/p>\n\n\n\n<p>&#8211; Serviette de bain humide <img loading=\"lazy\" height=\"16\" width=\"16\" alt=\"\ud83d\udca7\" src=\"https:\/\/static.xx.fbcdn.net\/images\/emoji.php\/v9\/t42\/1\/16\/1f4a7.png\">: vous pouvez passer une serviette sous un robinet d\u2019eau froide, puis l\u2019essorer au maximum et la positionner au sol pour que votre animal puisse s\u2019allonger dessus.<\/p>\n\n\n\n<p>&#8211; Mini-piscine <img loading=\"lazy\" height=\"16\" width=\"16\" alt=\"\u26f2\ufe0f\" src=\"https:\/\/static.xx.fbcdn.net\/images\/emoji.php\/v9\/tf9\/1\/16\/26f2.png\">: cette m\u00e9thode est plus adapt\u00e9e pour les chiens il vous suffit de remplir une mini piscine gonflable ou un grand bac \u00e0 sable afin que votre compagnon puisse boire et se tremper enti\u00e8rement dans l\u2019eau.<\/p>\n\n\n\n<p>&#8211; Bouteille d\u2019eau congel\u00e9e <img loading=\"lazy\" height=\"16\" width=\"16\" alt=\"\ud83e\uddca\" src=\"https:\/\/static.xx.fbcdn.net\/images\/emoji.php\/v9\/tef\/1\/16\/1f9ca.png\"> : que vous enroulerez dans une petite serviette afin que l\u2019animal puisse se caler contre.<\/p>\n\n\n\n<p>&#8211; Tapis de l\u00e9chage <img loading=\"lazy\" height=\"16\" width=\"16\" alt=\"\ud83c\udf4c\" src=\"https:\/\/static.xx.fbcdn.net\/images\/emoji.php\/v9\/t3a\/1\/16\/1f34c.png\"><img loading=\"lazy\" height=\"16\" width=\"16\" alt=\"\ud83c\udf53\" src=\"https:\/\/static.xx.fbcdn.net\/images\/emoji.php\/v9\/ta9\/1\/16\/1f353.png\"><img loading=\"lazy\" height=\"16\" width=\"16\" alt=\"\ud83e\uded0\" src=\"https:\/\/static.xx.fbcdn.net\/images\/emoji.php\/v9\/t5\/1\/16\/1fad0.png\"> : \u00e9taler de la p\u00e2t\u00e9 ou du fromage type \u00ab fromages \u00e0 tartiner\u00bb, mettre le tapis au cong\u00e9lateur minimum 2 heures. Puis le sortir 5 minutes avant de le donner \u00e0 votre compagnon. Attention \u00e0 r\u00e9duire la ration de croquettes en fonction de la quantit\u00e9 de p\u00e2t\u00e9 ou de fromage donn\u00e9e !!<\/p>\n\n\n\n<p><\/p>\n\n\n\n<p> <\/p>\n\n\n\n<p><strong>Mon chat a tendance \u00e0 uriner sur le canap\u00e9, les meubles, le lit, etc, que faire&nbsp;?<\/strong><\/p>\n\n\n\n<p>Premi\u00e8rement votre chat est-il castr\u00e9&nbsp;? Si non, il est fort possible qu\u2019il s\u2019agisse de marquages urinaires (jet d\u2019urine en petite quantit\u00e9, le chat est debout, le dos un peu bomb\u00e9, la queue relev\u00e9e et le support sur lequel il urine est bien souvent vertical). Il vous sera alors sugg\u00e9r\u00e9 de le faire castrer afin d\u2019affirmer que \u00e7a soit bien du marquage urinaire ce qui permettra de r\u00e9soudre le probl\u00e8me assez rapidement.<\/p>\n\n\n\n<p>S\u2019il est castr\u00e9 en revanche, il est probable que cela soit d\u2019ordre comportemental ou m\u00e9dicale. Nous vous conseillons de demander \u00e0 r\u00e9aliser une analyse d\u2019urine chez votre v\u00e9t\u00e9rinaire, afin d\u2019exclure un probl\u00e8me m\u00e9dical (cristaux urinaire, cystite\u2026). Si l\u2019analyse ne r\u00e9v\u00e8le aucun trouble, la raison comportementale sera \u00e0 envisager.<\/p>\n\n\n\n<p><strong>En quoi consiste la castration de mon chien <\/strong><strong>?<\/strong><\/p>\n\n\n\n<p>Deux possibilit\u00e9s se pr\u00e9sentent&nbsp;:<\/p>\n\n\n\n<p>&#8211;<em><u> La cast<\/u><\/em><em><u>ration m\u00e9dicale temporaire<\/u><\/em><em><u>:<\/u><\/em> gr\u00e2ce \u00e0 un implant hormonal qu\u2019ont place sous la peau, qui est r\u00e9versible, elle va permettre d\u2019observer si les points positifs de la castration d\u00e9sir\u00e9s sur l\u2019animal, sont pr\u00e9sents. Dans certains cas, pendant les deux premi\u00e8res semaines qui suivent l\u2019installation de l\u2019implant, un ph\u00e9nom\u00e8ne de \u00ab&nbsp;flare up&nbsp;\u00bb qui va provoquer une surexcitation passag\u00e8re chez le chien est observ\u00e9, mais c\u2019est provisoire.<\/p>\n\n\n\n<p>L\u2019efficacit\u00e9 de l\u2019implant est de 6 mois minium.<\/p>\n\n\n\n<p><em><u>&#8211; <\/u><\/em><em><u>La castration chirurgicale&nbsp;:<\/u><\/em> elle consiste \u00e0 retirer les testicules du chien sous anesth\u00e9sie g\u00e9n\u00e9rale. C\u2019est une intervention courante en m\u00e9decine v\u00e9t\u00e9rinaire, r\u00e9alis\u00e9e pour des raisons m\u00e9dicales ou comportementales, ainsi que pour le contr\u00f4le des naissances.<\/p>\n\n\n\n<p><em>Avantages&nbsp;:<\/em><\/p>\n\n\n\n<p><strong>\u2192 Pr\u00e9vention de maladies&nbsp;:<\/strong><\/p>\n\n\n\n<ul><li>\u00c9limine le risque de tumeurs testiculaires.<\/li><li>R\u00e9duit significativement le risque d\u2019hyperplasie b\u00e9nigne de la prostate, kystes ou infections prostatiques.<\/li><li>Diminue certains probl\u00e8mes hormonaux li\u00e9s aux organes reproducteurs.<\/li><\/ul>\n\n\n\n<p><strong>\u2192 Am\u00e9lioration du comportement<\/strong> (selon l\u2019individu)&nbsp;:<\/p>\n\n\n\n<ul><li>R\u00e9duit la tendance \u00e0 fuguer \u00e0 la recherche de femelles en chaleur.<\/li><li>R\u00e9duit comportement de chevauchement.<\/li><li>Peut diminuer le marquage urinaire excessif.<\/li><li>Limite parfois l\u2019agressivit\u00e9 li\u00e9e aux hormones sexuelles (surtout envers les autres m\u00e2les non catsr\u00e9s).<\/li><\/ul>\n\n\n\n<p>\u2192 Hygi\u00e8ne et bien-\u00eatre&nbsp;:<\/p>\n\n\n\n<ul><li>Chien souvent plus calme, plus concentr\u00e9 sur la relation avec son ma\u00eetre.<\/li><li>R\u00e9duit les bagarres et accidents li\u00e9s aux comportements sexuels.<\/li><\/ul>\n\n\n\n<p>Inconv\u00e9nients&nbsp;:<br>\u2192 Risque de prise de poids<br>\u2192 Faible risque d\u2019incontinence urinaire<\/p>\n\n\n\n<p><strong>A partir de quel \u00e2ge faut-il faire une consultation senior pour mon chat&nbsp;?<\/strong><\/p>\n\n\n\n<p>C\u2019est une visite v\u00e9t\u00e9rinaire d\u00e9di\u00e9e aux chats \u00e2g\u00e9s (souvent \u00e0 partir de10-11ans), visant \u00e0 d\u00e9tecter pr\u00e9cocement les maladies li\u00e9es \u00e0 l\u2019\u00e2ge et \u00e0 adapter la prise en charge pour am\u00e9liorer leur qualit\u00e9 de vie.<\/p>\n\n\n\n<ol><li><strong><em><u>D\u00e9tection pr\u00e9coce des maladies<\/u><\/em><\/strong><ul><li>Identification rapide de pathologies fr\u00e9quentes chez le chat \u00e2g\u00e9 : insuffisance r\u00e9nale chronique, hyperthyro\u00efdie, hypertension, arthrose, maladies dentaires, tumeurs\u2026<\/li><li>Plus une maladie est diagnostiqu\u00e9e t\u00f4t, plus le traitement est efficace et moins il est lourd pour le chat, ainsi l\u2019esp\u00e9rance de vie et la qualit\u00e9 de vie sont prolong\u00e9s.<\/li><\/ul><\/li><li><strong><em><u>Suivi personnalis\u00e9 de la sant\u00e9<\/u><\/em><\/strong><ul><li>Bilan clinique complet (poids, palpation, auscultation, examen dentaire)<\/li><li>Analyses compl\u00e9mentaires adapt\u00e9es (sang, urine, tension art\u00e9rielle).<\/li><li>Adaptation de l\u2019alimentation et des soins en fonction de l\u2019\u00e2ge et des besoins.<\/li><\/ul><\/li><li><strong><em><u>Am\u00e9lioration de la qualit\u00e9 de vie<\/u><\/em><\/strong><ul><li>Soulagement de la douleur (arthrose, probl\u00e8mes dentaires).<\/li><li>Conseils pour l\u2019enrichissement du milieu de vie et l\u2019adaptation du quotidien d\u2019un chat \u00e2g\u00e9 (liti\u00e8re accessible, couchage confortable\u2026).<\/li><\/ul><\/li><\/ol>\n\n\n\n<p>Gr\u00e2ce \u00e0 un suivi r\u00e9gulier, les maladies sont prises en charge plus t\u00f4t, ce qui augmente les chances de vivre plus longtemps en bonne sant\u00e9.<\/p>\n\n\n\n<p><strong>A partir de quel \u00e2ge faut-il faire une consultation senior pour mon chien?<\/strong><\/p>\n\n\n\n<p>C\u2019est une visite v\u00e9t\u00e9rinaire d\u00e9di\u00e9e aux chiens \u00e2g\u00e9s (cf tableau ci-dessous), visant \u00e0 d\u00e9tecter pr\u00e9cocement les maladies li\u00e9es \u00e0 l\u2019\u00e2ge et \u00e0 adapter la prise en charge pour am\u00e9liorer leur qualit\u00e9 de vie.<\/p>\n\n\n\n<h3><em><u>Am\u00e9lioration du confort et de la qualit\u00e9 de vie&nbsp;:<\/u><\/em><\/h3>\n\n\n\n<ul><li>D\u00e9tection et soulagement de la douleur (arthrose, dents, etc.).<\/li><li>Conseils pour adapter l\u2019alimentation, l\u2019exercice et l\u2019environnement.<\/li><li>Pr\u00e9vention des troubles li\u00e9s au vieillissement (perte musculaire, ob\u00e9sit\u00e9, baisse de mobilit\u00e9).<\/li><\/ul>\n\n\n\n<p>Les <strong>grands chiens<\/strong> ont un vieillissement plus rapide et une esp\u00e9rance de vie plus courte \u2192 ils vieillissent plus vite.<\/p>\n\n\n\n<p>Les <strong>petits chiens<\/strong> vivent souvent plus longtemps (jusqu\u2019\u00e0 15-18 ans), leur vieillissement est plus progressif.<\/p>\n\n\n\n<figure class=\"wp-block-table\"><table><thead><tr><th><strong>Taille \/ Race<\/strong><\/th><th><strong>Exemples<\/strong><\/th><th><strong>\u00c2ge de d\u00e9but des visites senior<\/strong><\/th><\/tr><\/thead><tbody><tr><td><strong>Petite taille<\/strong> (&lt; 10 kg)<\/td><td>Chihuahua, Yorkshire, Caniche toy\u2026<\/td><td>Vers <strong>8-9 ans<\/strong><\/td><\/tr><tr><td><strong>Moyenne taille<\/strong> (10-25 kg)<\/td><td>Beagle, Cocker, Border Collie\u2026<\/td><td>Vers <strong>7-8 ans<\/strong><\/td><\/tr><tr><td><strong>Grande taille<\/strong> (25-40 kg)<\/td><td>Berger allemand, Golden, Labrador\u2026<\/td><td>Vers <strong>6-7 ans<\/strong><\/td><\/tr><tr><td><strong>Tr\u00e8s grande taille \/ g\u00e9ant<\/strong> (&gt; 40 kg)<\/td><td>Dogue allemand, Saint-Bernard, Terre-Neuve\u2026<\/td><td>Vers <strong>5-6 ans<\/strong><\/td><\/tr><\/tbody><\/table><\/figure>\n","protected":false},"excerpt":{"rendered":"<p>Vous trouvez un animal errant, que faire ? Combien de fois par an faut-il vermifuger mon animal ?Pour un chaton\/chiot il est recommand\u00e9 de les vermifuger tous les mois jusqu&#8217;\u00e0 6 mois. A l&#8217;\u00e2ge adulte, on adapte la fr\u00e9quence au mode de vie, au risque de contamination et de transmission aux personnes fragiles ou en &hellip; <\/p>\n<p class=\"link-more\"><a href=\"https:\/\/veterinairebourgdegleize.fr\/?page_id=76\" class=\"more-link\">Continue reading<span class=\"screen-reader-text\"> &#8220;FAQ&#8221;<\/span><\/a><\/p>\n","protected":false},"author":1,"featured_media":0,"parent":0,"menu_order":0,"comment_status":"closed","ping_status":"closed","template":"","meta":[],"_links":{"self":[{"href":"https:\/\/veterinairebourgdegleize.fr\/index.php?rest_route=\/wp\/v2\/pages\/76"}],"collection":[{"href":"https:\/\/veterinairebourgdegleize.fr\/index.php?rest_route=\/wp\/v2\/pages"}],"about":[{"href":"https:\/\/veterinairebourgdegleize.fr\/index.php?rest_route=\/wp\/v2\/types\/page"}],"author":[{"embeddable":true,"href":"https:\/\/veterinairebourgdegleize.fr\/index.php?rest_route=\/wp\/v2\/users\/1"}],"replies":[{"embeddable":true,"href":"https:\/\/veterinairebourgdegleize.fr\/index.php?rest_route=%2Fwp%2Fv2%2Fcomments&post=76"}],"version-history":[{"count":19,"href":"https:\/\/veterinairebourgdegleize.fr\/index.php?rest_route=\/wp\/v2\/pages\/76\/revisions"}],"predecessor-version":[{"id":283,"href":"https:\/\/veterinairebourgdegleize.fr\/index.php?rest_route=\/wp\/v2\/pages\/76\/revisions\/283"}],"wp:attachment":[{"href":"https:\/\/veterinairebourgdegleize.fr\/index.php?rest_route=%2Fwp%2Fv2%2Fmedia&parent=76"}],"curies":[{"name":"wp","href":"https:\/\/api.w.org\/{rel}","templated":true}]}}