{"id":51,"date":"2021-09-15T10:20:27","date_gmt":"2021-09-15T08:20:27","guid":{"rendered":"http:\/\/veterinairebourgdegleize.fr\/?page_id=51"},"modified":"2025-07-23T11:15:55","modified_gmt":"2025-07-23T09:15:55","slug":"urgences","status":"publish","type":"page","link":"https:\/\/veterinairebourgdegleize.fr\/?page_id=51","title":{"rendered":"Urgences"},"content":{"rendered":"\n<p>En pr\u00e9vision des situations d&#8217;urgence survenant en dehors des heures d&#8217;ouvertures du cabinet, nous avons sign\u00e9 une convention de permanence et de continuit\u00e9 des soins avec : <\/p>\n\n\n\n<ul><li><em><strong>Le service d&#8217;urgence du Centre Hospitalis\u00e9 V\u00e9t\u00e9rinaire VetAgroSup<\/strong> (SIAMU &#8211; Soins Intensifs Anesth\u00e9sie M\u00e9decine d&#8217;Urgence)<\/em><\/li><\/ul>\n\n\n\n<p>Situ\u00e9 au 1 avenue Bourgelat 69280 MARCY l&#8217;ETOILE.<br>Une prise de contact t\u00e9l\u00e9phonique pr\u00e9alable \u00e9tant imp\u00e9rative au <strong>04 78 87 07 07<\/strong> avant consultation. <\/p>\n\n\n\n<p><em><strong>Clinique v\u00e9t\u00e9rinaire Belleville ANICURA<\/strong> <\/em><\/p>\n\n\n\n<p>75 boulevard Joseph Rosselli 69220 BELLEVILLE.<br> Une prise de contact t\u00e9l\u00e9phonique pr\u00e9alable \u00e9tant imp\u00e9rative au <strong>04 74 66 12 67<\/strong> avant consultation. <\/p>\n\n\n\n<p><br><\/p>\n","protected":false},"excerpt":{"rendered":"<p>En pr\u00e9vision des situations d&#8217;urgence survenant en dehors des heures d&#8217;ouvertures du cabinet, nous avons sign\u00e9 une convention de permanence et de continuit\u00e9 des soins avec : Le service d&#8217;urgence du Centre Hospitalis\u00e9 V\u00e9t\u00e9rinaire VetAgroSup (SIAMU &#8211; Soins Intensifs Anesth\u00e9sie M\u00e9decine d&#8217;Urgence) Situ\u00e9 au 1 avenue Bourgelat 69280 MARCY l&#8217;ETOILE.Une prise de contact t\u00e9l\u00e9phonique pr\u00e9alable &hellip; <\/p>\n<p class=\"link-more\"><a href=\"https:\/\/veterinairebourgdegleize.fr\/?page_id=51\" class=\"more-link\">Continue reading<span class=\"screen-reader-text\"> &#8220;Urgences&#8221;<\/span><\/a><\/p>\n","protected":false},"author":1,"featured_media":0,"parent":0,"menu_order":0,"comment_status":"closed","ping_status":"closed","template":"","meta":[],"_links":{"self":[{"href":"https:\/\/veterinairebourgdegleize.fr\/index.php?rest_route=\/wp\/v2\/pages\/51"}],"collection":[{"href":"https:\/\/veterinairebourgdegleize.fr\/index.php?rest_route=\/wp\/v2\/pages"}],"about":[{"href":"https:\/\/veterinairebourgdegleize.fr\/index.php?rest_route=\/wp\/v2\/types\/page"}],"author":[{"embeddable":true,"href":"https:\/\/veterinairebourgdegleize.fr\/index.php?rest_route=\/wp\/v2\/users\/1"}],"replies":[{"embeddable":true,"href":"https:\/\/veterinairebourgdegleize.fr\/index.php?rest_route=%2Fwp%2Fv2%2Fcomments&post=51"}],"version-history":[{"count":5,"href":"https:\/\/veterinairebourgdegleize.fr\/index.php?rest_route=\/wp\/v2\/pages\/51\/revisions"}],"predecessor-version":[{"id":280,"href":"https:\/\/veterinairebourgdegleize.fr\/index.php?rest_route=\/wp\/v2\/pages\/51\/revisions\/280"}],"wp:attachment":[{"href":"https:\/\/veterinairebourgdegleize.fr\/index.php?rest_route=%2Fwp%2Fv2%2Fmedia&parent=51"}],"curies":[{"name":"wp","href":"https:\/\/api.w.org\/{rel}","templated":true}]}}