{"id":11,"date":"2021-08-31T11:11:01","date_gmt":"2021-08-31T09:11:01","guid":{"rendered":"http:\/\/veterinairebourgdegleize.fr\/?page_id=11"},"modified":"2021-09-15T10:21:12","modified_gmt":"2021-09-15T08:21:12","slug":"contact","status":"publish","type":"page","link":"https:\/\/veterinairebourgdegleize.fr\/?page_id=11","title":{"rendered":"Contact"},"content":{"rendered":"\n<p>Nous vous accueillons du :<\/p>\n\n\n\n<p>Lundi au vendredi de 8h00 \u00e0 12h00 et de 13h30 \u00e0 19h00.<br>Samedi de 8h00 \u00e0 12h00.<\/p>\n\n\n\n<p><\/p>\n\n\n\n<p><em><strong>Coordonn\u00e9es <\/strong><\/em>:<\/p>\n\n\n\n<p>399 rue des \u00e9coles <br>69400 GLEIZE<\/p>\n\n\n\n<p>T\u00e9l :\u00a004-74-62-87-81<br>Mail : contact@vet-bourg-gleize.fr<\/p>\n","protected":false},"excerpt":{"rendered":"<p>Nous vous accueillons du : Lundi au vendredi de 8h00 \u00e0 12h00 et de 13h30 \u00e0 19h00.Samedi de 8h00 \u00e0 12h00. Coordonn\u00e9es : 399 rue des \u00e9coles 69400 GLEIZE T\u00e9l :\u00a004-74-62-87-81Mail : contact@vet-bourg-gleize.fr<\/p>\n","protected":false},"author":1,"featured_media":0,"parent":0,"menu_order":0,"comment_status":"closed","ping_status":"closed","template":"","meta":[],"_links":{"self":[{"href":"https:\/\/veterinairebourgdegleize.fr\/index.php?rest_route=\/wp\/v2\/pages\/11"}],"collection":[{"href":"https:\/\/veterinairebourgdegleize.fr\/index.php?rest_route=\/wp\/v2\/pages"}],"about":[{"href":"https:\/\/veterinairebourgdegleize.fr\/index.php?rest_route=\/wp\/v2\/types\/page"}],"author":[{"embeddable":true,"href":"https:\/\/veterinairebourgdegleize.fr\/index.php?rest_route=\/wp\/v2\/users\/1"}],"replies":[{"embeddable":true,"href":"https:\/\/veterinairebourgdegleize.fr\/index.php?rest_route=%2Fwp%2Fv2%2Fcomments&post=11"}],"version-history":[{"count":3,"href":"https:\/\/veterinairebourgdegleize.fr\/index.php?rest_route=\/wp\/v2\/pages\/11\/revisions"}],"predecessor-version":[{"id":53,"href":"https:\/\/veterinairebourgdegleize.fr\/index.php?rest_route=\/wp\/v2\/pages\/11\/revisions\/53"}],"wp:attachment":[{"href":"https:\/\/veterinairebourgdegleize.fr\/index.php?rest_route=%2Fwp%2Fv2%2Fmedia&parent=11"}],"curies":[{"name":"wp","href":"https:\/\/api.w.org\/{rel}","templated":true}]}}